{"id":8,"date":"2014-08-06T12:17:26","date_gmt":"2014-08-06T12:17:26","guid":{"rendered":"http:\/\/tempwww.ballongruppe-bern.ch\/?page_id=8"},"modified":"2025-05-13T16:09:59","modified_gmt":"2025-05-13T16:09:59","slug":"seite-a1","status":"publish","type":"page","link":"https:\/\/www.ballongruppe-bern.ch\/?page_id=8","title":{"rendered":"Kategorien und Preise"},"content":{"rendered":"<div class=\"vce-row-container\" data-vce-boxed-width=\"true\"><div class=\"vce-row vce-row--col-gap-30 vce-row-equal-height vce-row-content--top\" id=\"el-71cc3994\" data-vce-do-apply=\"all el-71cc3994\"><div class=\"vce-row-content\" data-vce-element-content=\"true\"><div class=\"vce-col vce-col--md-auto vce-col--xs-1 vce-col--xs-last vce-col--xs-first vce-col--sm-last vce-col--sm-first vce-col--md-last vce-col--lg-last vce-col--xl-last vce-col--md-first vce-col--lg-first vce-col--xl-first\" id=\"el-104d6d47\"><div class=\"vce-col-inner\" data-vce-do-apply=\"border margin background  el-104d6d47\"><div class=\"vce-col-content\" data-vce-element-content=\"true\" data-vce-do-apply=\"padding el-104d6d47\"><div><\/div><\/div><\/div><\/div><\/div><\/div><\/div><div class=\"vce-row-container\" data-vce-boxed-width=\"true\"><div class=\"vce-row vce-row--col-gap-30 vce-row-equal-height vce-row-content--top\" id=\"el-06c6c8ba\" data-vce-do-apply=\"all el-06c6c8ba\"><div class=\"vce-row-content\" data-vce-element-content=\"true\"><div class=\"vce-col vce-col--md-25p vce-col--xs-1 vce-col--xs-last vce-col--xs-first vce-col--sm-last vce-col--sm-first vce-col--md-first vce-col--lg-first vce-col--xl-first\" id=\"el-9b2f9090\"><div class=\"vce-col-inner\" data-vce-do-apply=\"border margin background  el-9b2f9090\"><div class=\"vce-col-content\" data-vce-element-content=\"true\" data-vce-do-apply=\"padding el-9b2f9090\"><div class=\"vce-single-image-container vce-single-image--align-left\"><div class=\"vce vce-single-image-wrapper\" id=\"el-a3eb1a73\" data-vce-do-apply=\"all el-a3eb1a73\"><figure><div class=\"vce-single-image-figure-inner\" style=\"width: 190px;\"><div class=\"vce-single-image-inner vce-single-image--absolute\" style=\"width: 100%; padding-bottom: 71.052632%;\"><img decoding=\"async\" loading=\"lazy\" class=\"vce-single-image\"  width=\"190\" height=\"135\" srcset=\"https:\/\/www.ballongruppe-bern.ch\/wp-content\/uploads\/2025\/05\/verm9-190x135.jpg 190w\" src=\"https:\/\/www.ballongruppe-bern.ch\/wp-content\/uploads\/2025\/05\/verm9-190x135.jpg\" data-img-src=\"https:\/\/www.ballongruppe-bern.ch\/wp-content\/uploads\/2014\/08\/verm9.jpg\" data-attachment-id=\"248\"  alt=\"\" title=\"verm9\" \/><\/div><\/div><figcaption hidden=\"\"><\/figcaption><\/figure><\/div><\/div><\/div><\/div><\/div><div class=\"vce-col vce-col--md-75p vce-col--xs-1 vce-col--xs-last vce-col--xs-first vce-col--sm-last vce-col--sm-first vce-col--md-last vce-col--lg-last vce-col--xl-last\" id=\"el-656f9569\"><div class=\"vce-col-inner\" data-vce-do-apply=\"border margin background  el-656f9569\"><div class=\"vce-col-content\" data-vce-element-content=\"true\" data-vce-do-apply=\"padding el-656f9569\"><div class=\"vce-text-block\"><div class=\"vce-text-block-wrapper vce\" id=\"el-b302f7a6\" data-vce-do-apply=\"all el-b302f7a6\"><p><strong>Der Heissluftballon<\/strong><br>Heisse Luft ist leichter als kalte Luft. Wenn eine H\u00fclle mit leichter Luft gef\u00fcllt ist, so kann der Auftrieb in der umgebenden k\u00e4lteren Luft gross genug sein, dass der Ballon vom Boden abhebt. Die H\u00fcllen der Heissluftballone der Ballongruppe Bern haben zwischen 2600 und 3400 Kubikmeter Inhalt. Dies entspricht etwa dem Volumen eines Einfamilienhauses. Alleine die Luft in der H\u00fclle hat eine Masse von ca. 4 Tonnen! Mit unseren Ballonen k\u00f6nnen 2 oder 3 Passagiere bef\u00f6rdert werden. Die Gesamth\u00f6he der Ballone betr\u00e4gt rund 24 Meter. Der H\u00fcllenstoff ist etwa gleich wie eine Fallschirmseide. Eingen\u00e4hte Lastb\u00e4nder nehmen die Kraft vom Korb auf. Dieser ist mit Stahlseilen an der H\u00fclle befestigt. Die heisse Luft wird mit einem Propan-Gas-Doppelbrenner erzeugt. Die Lufttemperatur in der Ballonh\u00fclle w\u00e4hrend der Fahrt ist typischerweise zwischen 70 und 90 Grad Celsius.<\/p>\n<p>Eine Fahrt im Heissluft-Ballon dauert in der Regel 1.5 - 2.5 Stunden, der Preis betr\u00e4gt aktuell CHF 380.- pro Passagier. F\u00fcr weitere Informationen nehmen Sie bitte mit uns <a title=\"Kontakt\" href=\"http:\/\/www.ballongruppe-bern.ch\/?page_id=34\">Kontakt<\/a> auf.<\/p><\/div><\/div><\/div><\/div><\/div><\/div><\/div><\/div>","protected":false},"excerpt":{"rendered":"<p>Der HeissluftballonHeisse Luft ist leichter als kalte Luft. Wenn eine H\u00fclle mit leichter Luft gef\u00fcllt ist, so kann der Auftrieb in der umgebenden k\u00e4lteren Luft gross genug sein, dass der Ballon vom Boden abhebt. Die H\u00fcllen der Heissluftballone der Ballongruppe Bern haben zwischen 2600 und 3400 Kubikmeter Inhalt. Dies entspricht etwa dem Volumen eines Einfamilienhauses. [&hellip;]<\/p>\n","protected":false},"author":1,"featured_media":0,"parent":0,"menu_order":0,"comment_status":"closed","ping_status":"closed","template":"","meta":[],"_links":{"self":[{"href":"https:\/\/www.ballongruppe-bern.ch\/index.php?rest_route=\/wp\/v2\/pages\/8"}],"collection":[{"href":"https:\/\/www.ballongruppe-bern.ch\/index.php?rest_route=\/wp\/v2\/pages"}],"about":[{"href":"https:\/\/www.ballongruppe-bern.ch\/index.php?rest_route=\/wp\/v2\/types\/page"}],"author":[{"embeddable":true,"href":"https:\/\/www.ballongruppe-bern.ch\/index.php?rest_route=\/wp\/v2\/users\/1"}],"replies":[{"embeddable":true,"href":"https:\/\/www.ballongruppe-bern.ch\/index.php?rest_route=%2Fwp%2Fv2%2Fcomments&post=8"}],"version-history":[{"count":53,"href":"https:\/\/www.ballongruppe-bern.ch\/index.php?rest_route=\/wp\/v2\/pages\/8\/revisions"}],"predecessor-version":[{"id":345,"href":"https:\/\/www.ballongruppe-bern.ch\/index.php?rest_route=\/wp\/v2\/pages\/8\/revisions\/345"}],"wp:attachment":[{"href":"https:\/\/www.ballongruppe-bern.ch\/index.php?rest_route=%2Fwp%2Fv2%2Fmedia&parent=8"}],"curies":[{"name":"wp","href":"https:\/\/api.w.org\/{rel}","templated":true}]}}