{"id":6,"date":"2014-08-06T12:15:30","date_gmt":"2014-08-06T12:15:30","guid":{"rendered":"http:\/\/tempwww.ballongruppe-bern.ch\/?page_id=6"},"modified":"2023-02-27T14:38:54","modified_gmt":"2023-02-27T14:38:54","slug":"frontpage","status":"publish","type":"page","link":"https:\/\/www.ballongruppe-bern.ch\/","title":{"rendered":"Herzlich Willkommen"},"content":{"rendered":"<div class=\"vce-row-container\" data-vce-boxed-width=\"true\"><div class=\"vce-row vce-row--col-gap-30 vce-row-equal-height vce-row-content--top\" id=\"el-f40a1d21\" data-vce-do-apply=\"all el-f40a1d21\"><div class=\"vce-row-content\" data-vce-element-content=\"true\"><div class=\"vce-col vce-col--md-auto vce-col--xs-1 vce-col--xs-last vce-col--xs-first vce-col--sm-last vce-col--sm-first vce-col--md-last vce-col--lg-last vce-col--xl-last vce-col--md-first vce-col--lg-first vce-col--xl-first\" id=\"el-94d7ccae\"><div class=\"vce-col-inner\" data-vce-do-apply=\"border margin background  el-94d7ccae\"><div class=\"vce-col-content\" data-vce-element-content=\"true\" data-vce-do-apply=\"padding el-94d7ccae\"><div class=\"vce-text-block\"><div class=\"vce-text-block-wrapper vce\" id=\"el-d08219e7\" data-vce-do-apply=\"all el-d08219e7\"><p style=\"font-weight: 400;\">In der H\u00f6he die Ruhe und den Weitblick geniessen und staunen. G\u00f6nnen Sie sich oder Ihren Liebsten eine Fahrt.&nbsp; Schweben \u00fcber Felder, Wiesen und D\u00f6rfer\u2026. Wir fahren nur bei guten Bedingungen \u00fcber die Stadt Bern oder in der Region Bern-Mittelland.&nbsp; Die Piloten freuen sich w\u00e4hrend der Fahrt den G\u00e4sten Spannendes \u00fcber die Heissluftballonfahrt zu erz\u00e4hlen.<\/p><\/div><\/div><\/div><\/div><\/div><\/div><\/div><\/div><div class=\"vce-row-container\" data-vce-boxed-width=\"true\"><div class=\"vce-row vce-row--col-gap-30 vce-row-equal-height vce-row-content--top\" id=\"el-5ed737c7\" data-vce-do-apply=\"all el-5ed737c7\"><div class=\"vce-row-content\" data-vce-element-content=\"true\"><div class=\"vce-col vce-col--md-auto vce-col--xs-1 vce-col--xs-last vce-col--xs-first vce-col--sm-last vce-col--sm-first vce-col--md-first vce-col--lg-first vce-col--xl-first\" id=\"el-ccc7e85a\"><div class=\"vce-col-inner\" data-vce-do-apply=\"border margin background  el-ccc7e85a\"><div class=\"vce-col-content\" data-vce-element-content=\"true\" data-vce-do-apply=\"padding el-ccc7e85a\"><div class=\"vce-single-image-container vce-single-image--align-left\"><div class=\"vce vce-single-image-wrapper\" id=\"el-da8bec27\" data-vce-do-apply=\"all el-da8bec27\"><figure><div class=\"vce-single-image-figure-inner\" style=\"width: 190px;\"><div class=\"vce-single-image-inner vce-single-image--absolute\" style=\"width: 100%; padding-bottom: 68.421053%;\"><img decoding=\"async\" loading=\"lazy\" class=\"vce-single-image\"  width=\"190\" height=\"130\" srcset=\"https:\/\/www.ballongruppe-bern.ch\/wp-content\/uploads\/2023\/02\/A_START_047-190x130.jpg 190w\" src=\"https:\/\/www.ballongruppe-bern.ch\/wp-content\/uploads\/2023\/02\/A_START_047-190x130.jpg\" data-img-src=\"https:\/\/www.ballongruppe-bern.ch\/wp-content\/uploads\/2015\/01\/A_START_047.jpg\" data-attachment-id=\"293\"  alt=\"\" title=\"A_START_047\" \/><\/div><\/div><figcaption hidden=\"\"><\/figcaption><\/figure><\/div><\/div><div class=\"vce-text-block\"><div class=\"vce-text-block-wrapper vce\" id=\"el-1f33d622\" data-vce-do-apply=\"all el-1f33d622\"><p><a title=\"Passagierfahrten\" href=\"http:\/\/www.ballongruppe-bern.ch\/?page_id=28\"><strong>Ballonfahrt erleben<\/strong><br>Sachte \u00fcber Felder, Wiesen und D\u00f6rfer schweben. Wir bieten Ihnen dieses einmalige Erlebnis...<\/a><\/p><\/div><\/div><\/div><\/div><\/div><div class=\"vce-col vce-col--md-auto vce-col--xs-1 vce-col--xs-last vce-col--xs-first vce-col--sm-last vce-col--sm-first\" id=\"el-c390c8cc\"><div class=\"vce-col-inner\" data-vce-do-apply=\"border margin background  el-c390c8cc\"><div class=\"vce-col-content\" data-vce-element-content=\"true\" data-vce-do-apply=\"padding el-c390c8cc\"><div class=\"vce-single-image-container vce-single-image--align-left\"><div class=\"vce vce-single-image-wrapper\" id=\"el-6d0cc343\" data-vce-do-apply=\"all el-6d0cc343\"><figure><div class=\"vce-single-image-figure-inner\" style=\"width: 190px;\"><div class=\"vce-single-image-inner vce-single-image--absolute\" style=\"width: 100%; padding-bottom: 68.421053%;\"><img decoding=\"async\" loading=\"lazy\" class=\"vce-single-image\"  width=\"190\" height=\"130\" srcset=\"https:\/\/www.ballongruppe-bern.ch\/wp-content\/uploads\/2023\/02\/A_START_020-190x130.jpg 190w\" src=\"https:\/\/www.ballongruppe-bern.ch\/wp-content\/uploads\/2023\/02\/A_START_020-190x130.jpg\" data-img-src=\"https:\/\/www.ballongruppe-bern.ch\/wp-content\/uploads\/2015\/01\/A_START_020.jpg\" data-attachment-id=\"193\"  alt=\"\" title=\"A_START_020\" \/><\/div><\/div><figcaption hidden=\"\"><\/figcaption><\/figure><\/div><\/div><div class=\"vce-text-block\"><div class=\"vce-text-block-wrapper vce\" id=\"el-f94ac8c1\" data-vce-do-apply=\"all el-f94ac8c1\"><p><a title=\"Ballon-Fahrschule\" href=\"http:\/\/www.ballongruppe-bern.ch\/?page_id=30\"><strong>Pilot \/ Pilotin werden<\/strong><br>Die Herausforderung annehmen. Was es dazu alles braucht...<\/a><\/p><\/div><\/div><\/div><\/div><\/div><div class=\"vce-col vce-col--md-auto vce-col--xs-1 vce-col--xs-last vce-col--xs-first vce-col--sm-last vce-col--sm-first\" id=\"el-8416f4f8\"><div class=\"vce-col-inner\" data-vce-do-apply=\"border margin background  el-8416f4f8\"><div class=\"vce-col-content\" data-vce-element-content=\"true\" data-vce-do-apply=\"padding el-8416f4f8\"><div class=\"vce-single-image-container vce-single-image--align-left\"><div class=\"vce vce-single-image-wrapper\" id=\"el-88c16f7b\" data-vce-do-apply=\"all el-88c16f7b\"><figure><div class=\"vce-single-image-figure-inner\" style=\"width: 190px;\"><div class=\"vce-single-image-inner vce-single-image--absolute\" style=\"width: 100%; padding-bottom: 68.421053%;\"><img decoding=\"async\" loading=\"lazy\" class=\"vce-single-image\"  width=\"190\" height=\"130\" srcset=\"https:\/\/www.ballongruppe-bern.ch\/wp-content\/uploads\/2023\/02\/A_START_036-190x130.jpg 190w\" src=\"https:\/\/www.ballongruppe-bern.ch\/wp-content\/uploads\/2023\/02\/A_START_036-190x130.jpg\" data-img-src=\"https:\/\/www.ballongruppe-bern.ch\/wp-content\/uploads\/2015\/01\/A_START_036.jpg\" data-attachment-id=\"196\"  alt=\"\" title=\"A_START_036\" \/><\/div><\/div><figcaption hidden=\"\"><\/figcaption><\/figure><\/div><\/div><div class=\"vce-text-block\"><div class=\"vce-text-block-wrapper vce\" id=\"el-99d3ce29\" data-vce-do-apply=\"all el-99d3ce29\"><p><a title=\"Verein\" href=\"http:\/\/www.ballongruppe-bern.ch\/?page_id=32\"><strong>Mitglied werden<\/strong><br>Sie haben verschiedene M\u00f6glichkeiten, sich bei uns zu engagieren. Informieren Sie sich...<\/a><\/p><\/div><\/div><\/div><\/div><\/div><div class=\"vce-col vce-col--md-auto vce-col--xs-1 vce-col--xs-last vce-col--xs-first vce-col--sm-last vce-col--sm-first vce-col--md-last vce-col--lg-last vce-col--xl-last\" id=\"el-7a825f74\"><div class=\"vce-col-inner\" data-vce-do-apply=\"border margin background  el-7a825f74\"><div class=\"vce-col-content\" data-vce-element-content=\"true\" data-vce-do-apply=\"padding el-7a825f74\"><div class=\"vce-single-image-container vce-single-image--align-left\"><div class=\"vce vce-single-image-wrapper\" id=\"el-0ec533b6\" data-vce-do-apply=\"all el-0ec533b6\"><figure><div class=\"vce-single-image-figure-inner\" style=\"width: 190px;\"><div class=\"vce-single-image-inner vce-single-image--absolute\" style=\"width: 100%; padding-bottom: 68.421053%;\"><img decoding=\"async\" loading=\"lazy\" class=\"vce-single-image\"  width=\"190\" height=\"130\" srcset=\"https:\/\/www.ballongruppe-bern.ch\/wp-content\/uploads\/2023\/02\/A_START_0221-190x130.jpg 190w\" src=\"https:\/\/www.ballongruppe-bern.ch\/wp-content\/uploads\/2023\/02\/A_START_0221-190x130.jpg\" data-img-src=\"https:\/\/www.ballongruppe-bern.ch\/wp-content\/uploads\/2015\/01\/A_START_0221.jpg\" data-attachment-id=\"201\"  alt=\"\" title=\"A_START_022\" \/><\/div><\/div><figcaption hidden=\"\"><\/figcaption><\/figure><\/div><\/div><div class=\"vce-text-block\"><div class=\"vce-text-block-wrapper vce\" id=\"el-272cd2de\" data-vce-do-apply=\"all el-272cd2de\"><p><a title=\"Kontakt\" href=\"http:\/\/www.ballongruppe-bern.ch\/?page_id=34\"><strong>Kontakt aufnehmen<\/strong><br>Nehmen Sie mit uns Kontakt auf...<\/a><\/p><\/div><\/div><\/div><\/div><\/div><\/div><\/div><\/div>\n","protected":false},"excerpt":{"rendered":"<p>In der H\u00f6he die Ruhe und den Weitblick geniessen und staunen. G\u00f6nnen Sie sich oder Ihren Liebsten eine Fahrt.&nbsp; Schweben \u00fcber Felder, Wiesen und D\u00f6rfer\u2026. Wir fahren nur bei guten Bedingungen \u00fcber die Stadt Bern oder in der Region Bern-Mittelland.&nbsp; Die Piloten freuen sich w\u00e4hrend der Fahrt den G\u00e4sten Spannendes \u00fcber die Heissluftballonfahrt zu erz\u00e4hlen.Ballonfahrt [&hellip;]<\/p>\n","protected":false},"author":1,"featured_media":0,"parent":0,"menu_order":0,"comment_status":"closed","ping_status":"closed","template":"page-templates\/full-width.php","meta":[],"_links":{"self":[{"href":"https:\/\/www.ballongruppe-bern.ch\/index.php?rest_route=\/wp\/v2\/pages\/6"}],"collection":[{"href":"https:\/\/www.ballongruppe-bern.ch\/index.php?rest_route=\/wp\/v2\/pages"}],"about":[{"href":"https:\/\/www.ballongruppe-bern.ch\/index.php?rest_route=\/wp\/v2\/types\/page"}],"author":[{"embeddable":true,"href":"https:\/\/www.ballongruppe-bern.ch\/index.php?rest_route=\/wp\/v2\/users\/1"}],"replies":[{"embeddable":true,"href":"https:\/\/www.ballongruppe-bern.ch\/index.php?rest_route=%2Fwp%2Fv2%2Fcomments&post=6"}],"version-history":[{"count":26,"href":"https:\/\/www.ballongruppe-bern.ch\/index.php?rest_route=\/wp\/v2\/pages\/6\/revisions"}],"predecessor-version":[{"id":337,"href":"https:\/\/www.ballongruppe-bern.ch\/index.php?rest_route=\/wp\/v2\/pages\/6\/revisions\/337"}],"wp:attachment":[{"href":"https:\/\/www.ballongruppe-bern.ch\/index.php?rest_route=%2Fwp%2Fv2%2Fmedia&parent=6"}],"curies":[{"name":"wp","href":"https:\/\/api.w.org\/{rel}","templated":true}]}}