{"id":28,"date":"2014-08-06T12:25:30","date_gmt":"2014-08-06T12:25:30","guid":{"rendered":"http:\/\/tempwww.ballongruppe-bern.ch\/?page_id=28"},"modified":"2015-01-31T15:35:51","modified_gmt":"2015-01-31T15:35:51","slug":"seite-a","status":"publish","type":"page","link":"https:\/\/www.ballongruppe-bern.ch\/?page_id=28","title":{"rendered":"Passagierfahrten"},"content":{"rendered":"<p>Geniessen Sie mit uns unvergessliche Stunden in der Luft. Wir betreiben das Ballonfahren in unserer Freizeit und zu unserer Freude, deshalb starten wir nur bei geeigneten Wetterbedingungen.<\/p>\n<p><strong>Passagiere, Nachfahrer und Pilot werden zum Team<\/strong><\/p>\n<p>Erwarten Sie nicht, dass Sie in einen wartenden Ballon einsteigen k\u00f6nnen. Bei uns m\u00fcssen nicht nur die Nachfahrer, sondern auch die Passagiere beim Aufstellen und Einpacken des Ballons tatkr\u00e4ftig mithelfen. Wir m\u00f6chten unseren Passagieren nicht nur eine sch\u00f6ne Fahrt bieten, sondern sie in die Faszination &#171;Ballon&#187; einf\u00fchren. Hierzu geh\u00f6ren das Material, die Einfachheit der Technik und die Vorbereitung ebenso dazu, wie die einmalige Sicht aus einem Ballonkorb, der sachte \u00fcber Felder, Wiesen und D\u00f6rfer hinwegschwebt.<\/p>\n","protected":false},"excerpt":{"rendered":"<p>Geniessen Sie mit uns unvergessliche Stunden in der Luft. Wir betreiben das Ballonfahren in unserer Freizeit und zu unserer Freude, deshalb starten wir nur bei geeigneten Wetterbedingungen. Passagiere, Nachfahrer und Pilot werden zum Team Erwarten Sie nicht, dass Sie in einen wartenden Ballon einsteigen k\u00f6nnen. Bei uns m\u00fcssen nicht nur die Nachfahrer, sondern auch die [&hellip;]<\/p>\n","protected":false},"author":1,"featured_media":0,"parent":0,"menu_order":0,"comment_status":"closed","ping_status":"closed","template":"","meta":[],"_links":{"self":[{"href":"https:\/\/www.ballongruppe-bern.ch\/index.php?rest_route=\/wp\/v2\/pages\/28"}],"collection":[{"href":"https:\/\/www.ballongruppe-bern.ch\/index.php?rest_route=\/wp\/v2\/pages"}],"about":[{"href":"https:\/\/www.ballongruppe-bern.ch\/index.php?rest_route=\/wp\/v2\/types\/page"}],"author":[{"embeddable":true,"href":"https:\/\/www.ballongruppe-bern.ch\/index.php?rest_route=\/wp\/v2\/users\/1"}],"replies":[{"embeddable":true,"href":"https:\/\/www.ballongruppe-bern.ch\/index.php?rest_route=%2Fwp%2Fv2%2Fcomments&post=28"}],"version-history":[{"count":8,"href":"https:\/\/www.ballongruppe-bern.ch\/index.php?rest_route=\/wp\/v2\/pages\/28\/revisions"}],"predecessor-version":[{"id":292,"href":"https:\/\/www.ballongruppe-bern.ch\/index.php?rest_route=\/wp\/v2\/pages\/28\/revisions\/292"}],"wp:attachment":[{"href":"https:\/\/www.ballongruppe-bern.ch\/index.php?rest_route=%2Fwp%2Fv2%2Fmedia&parent=28"}],"curies":[{"name":"wp","href":"https:\/\/api.w.org\/{rel}","templated":true}]}}