{"id":233,"date":"2015-01-29T12:53:25","date_gmt":"2015-01-29T12:53:25","guid":{"rendered":"http:\/\/tempwww.ballongruppe-bern.ch\/?page_id=233"},"modified":"2023-05-09T03:51:18","modified_gmt":"2023-05-09T03:51:18","slug":"mitglieder-und-vorstand","status":"publish","type":"page","link":"https:\/\/www.ballongruppe-bern.ch\/?page_id=233","title":{"rendered":"Mitglieder und Vorstand"},"content":{"rendered":"<div class=\"vce-row-container\" data-vce-boxed-width=\"true\"><div class=\"vce-row vce-row--col-gap-30 vce-row-equal-height vce-row-content--top\" id=\"el-d1ac60bc\" data-vce-do-apply=\"all el-d1ac60bc\"><div class=\"vce-row-content\" data-vce-element-content=\"true\"><div class=\"vce-col vce-col--md-auto vce-col--xs-1 vce-col--xs-last vce-col--xs-first vce-col--sm-last vce-col--sm-first vce-col--md-last vce-col--lg-last vce-col--xl-last vce-col--md-first vce-col--lg-first vce-col--xl-first\" id=\"el-a9b23003\"><div class=\"vce-col-inner\" data-vce-do-apply=\"border margin background  el-a9b23003\"><div class=\"vce-col-content\" data-vce-element-content=\"true\" data-vce-do-apply=\"padding el-a9b23003\"><div class=\"vce-text-block\"><div class=\"vce-text-block-wrapper vce\" id=\"el-85b5dae0\" data-vce-do-apply=\"all el-85b5dae0\"><p><strong>Mitglieder<\/strong><br>Die Ballongruppe Bern besteht aus:<\/p><ul><li>Aktivmitgliedern<\/li><li>Ehrenmitgliedern<\/li><li>Passivmitgliedern<\/li><li>G\u00f6nnern<\/li><\/ul><p>Die aktiven Mitglieder der Ballongruppe Bern sind auch Mitglieder des <a href=\"http:\/\/www.sbav.ch\" target=\"_blank\" rel=\"noopener noreferrer\">Schweizerischen Ballonverbandes (SBAV)<\/a> sowie des <a href=\"http:\/\/www.berneraeroclub.ch\" target=\"_blank\" rel=\"noopener noreferrer\">Berner<\/a> und des <a href=\"http:\/\/www.aeroclub.ch\" target=\"_blank\" rel=\"noopener noreferrer\">Schweizerischen Aero-Clubs<\/a>.<\/p><p><strong>Vorstand<\/strong><br>Der Vorstand und der Pr\u00e4sident\/die Pr\u00e4sidentin werden von der Generalversammlung gew\u00e4hlt und besteht aus folgenden Mitgliedern:<\/p><p>Ralph Fasler (Pr\u00e4sident)<br>Markus Bigler<br>Werner Beyeler<br>Erwin Kallabis<br>Bruno Petrini<br>Anja Neuenschwander<br>Thomas Reufer<\/p><\/div><\/div><\/div><\/div><\/div><\/div><\/div><\/div>\n","protected":false},"excerpt":{"rendered":"<p>MitgliederDie Ballongruppe Bern besteht aus:AktivmitgliedernEhrenmitgliedernPassivmitgliedernG\u00f6nnernDie aktiven Mitglieder der Ballongruppe Bern sind auch Mitglieder des Schweizerischen Ballonverbandes (SBAV) sowie des Berner und des Schweizerischen Aero-Clubs.VorstandDer Vorstand und der Pr\u00e4sident\/die Pr\u00e4sidentin werden von der Generalversammlung gew\u00e4hlt und besteht aus folgenden Mitgliedern:Ralph Fasler (Pr\u00e4sident)Markus BiglerWerner BeyelerErwin KallabisBruno PetriniAnja NeuenschwanderThomas Reufer<\/p>\n","protected":false},"author":1,"featured_media":0,"parent":0,"menu_order":0,"comment_status":"closed","ping_status":"open","template":"","meta":[],"_links":{"self":[{"href":"https:\/\/www.ballongruppe-bern.ch\/index.php?rest_route=\/wp\/v2\/pages\/233"}],"collection":[{"href":"https:\/\/www.ballongruppe-bern.ch\/index.php?rest_route=\/wp\/v2\/pages"}],"about":[{"href":"https:\/\/www.ballongruppe-bern.ch\/index.php?rest_route=\/wp\/v2\/types\/page"}],"author":[{"embeddable":true,"href":"https:\/\/www.ballongruppe-bern.ch\/index.php?rest_route=\/wp\/v2\/users\/1"}],"replies":[{"embeddable":true,"href":"https:\/\/www.ballongruppe-bern.ch\/index.php?rest_route=%2Fwp%2Fv2%2Fcomments&post=233"}],"version-history":[{"count":9,"href":"https:\/\/www.ballongruppe-bern.ch\/index.php?rest_route=\/wp\/v2\/pages\/233\/revisions"}],"predecessor-version":[{"id":343,"href":"https:\/\/www.ballongruppe-bern.ch\/index.php?rest_route=\/wp\/v2\/pages\/233\/revisions\/343"}],"wp:attachment":[{"href":"https:\/\/www.ballongruppe-bern.ch\/index.php?rest_route=%2Fwp%2Fv2%2Fmedia&parent=233"}],"curies":[{"name":"wp","href":"https:\/\/api.w.org\/{rel}","templated":true}]}}