{"id":20,"date":"2014-08-06T12:19:48","date_gmt":"2014-08-06T12:19:48","guid":{"rendered":"http:\/\/tempwww.ballongruppe-bern.ch\/?page_id=20"},"modified":"2022-01-30T08:34:52","modified_gmt":"2022-01-30T08:34:52","slug":"seite-d1","status":"publish","type":"page","link":"https:\/\/www.ballongruppe-bern.ch\/?page_id=20","title":{"rendered":"Adressen"},"content":{"rendered":"<p>Postadresse:<br \/>\nBallongruppe Bern<br \/>\np.A. Ralph Fasler<br \/>\nTobelstrasse 14<br \/>\n8708 M\u00e4nnedorf<\/p>\n<p>Telefon:<br \/>\n079 944 00 62<\/p>\n<p>Pr\u00e4sident:<br \/>\nRalph Fasler, Tobelstrasse 14, 8708 M\u00e4nnedorf<br \/>\n043 477 08 28 \u00a0\/\u00a0 079 200 80 60<br \/>\n<a href=\"mailto:ralph.fasler@bluewin.ch\">E-Mail<\/a><\/p>\n","protected":false},"excerpt":{"rendered":"<p>Postadresse: Ballongruppe Bern p.A. Ralph Fasler Tobelstrasse 14 8708 M\u00e4nnedorf Telefon: 079 944 00 62 Pr\u00e4sident: Ralph Fasler, Tobelstrasse 14, 8708 M\u00e4nnedorf 043 477 08 28 \u00a0\/\u00a0 079 200 80 60 E-Mail<\/p>\n","protected":false},"author":1,"featured_media":0,"parent":0,"menu_order":0,"comment_status":"closed","ping_status":"closed","template":"","meta":[],"_links":{"self":[{"href":"https:\/\/www.ballongruppe-bern.ch\/index.php?rest_route=\/wp\/v2\/pages\/20"}],"collection":[{"href":"https:\/\/www.ballongruppe-bern.ch\/index.php?rest_route=\/wp\/v2\/pages"}],"about":[{"href":"https:\/\/www.ballongruppe-bern.ch\/index.php?rest_route=\/wp\/v2\/types\/page"}],"author":[{"embeddable":true,"href":"https:\/\/www.ballongruppe-bern.ch\/index.php?rest_route=\/wp\/v2\/users\/1"}],"replies":[{"embeddable":true,"href":"https:\/\/www.ballongruppe-bern.ch\/index.php?rest_route=%2Fwp%2Fv2%2Fcomments&post=20"}],"version-history":[{"count":13,"href":"https:\/\/www.ballongruppe-bern.ch\/index.php?rest_route=\/wp\/v2\/pages\/20\/revisions"}],"predecessor-version":[{"id":318,"href":"https:\/\/www.ballongruppe-bern.ch\/index.php?rest_route=\/wp\/v2\/pages\/20\/revisions\/318"}],"wp:attachment":[{"href":"https:\/\/www.ballongruppe-bern.ch\/index.php?rest_route=%2Fwp%2Fv2%2Fmedia&parent=20"}],"curies":[{"name":"wp","href":"https:\/\/api.w.org\/{rel}","templated":true}]}}