{"id":18,"date":"2014-08-06T12:19:22","date_gmt":"2014-08-06T12:19:22","guid":{"rendered":"http:\/\/tempwww.ballongruppe-bern.ch\/?page_id=18"},"modified":"2023-02-27T15:21:15","modified_gmt":"2023-02-27T15:21:15","slug":"seite-c2","status":"publish","type":"page","link":"https:\/\/www.ballongruppe-bern.ch\/?page_id=18","title":{"rendered":"Aktivit\u00e4ten"},"content":{"rendered":"<div class=\"vce-row-container\" data-vce-boxed-width=\"true\"><div class=\"vce-row vce-row--col-gap-30 vce-row-equal-height vce-row-content--top\" id=\"el-12e18ebc\" data-vce-do-apply=\"all el-12e18ebc\"><div class=\"vce-row-content\" data-vce-element-content=\"true\"><div class=\"vce-col vce-col--md-auto vce-col--xs-1 vce-col--xs-last vce-col--xs-first vce-col--sm-last vce-col--sm-first vce-col--md-last vce-col--lg-last vce-col--xl-last vce-col--md-first vce-col--lg-first vce-col--xl-first\" id=\"el-891ba154\"><div class=\"vce-col-inner\" data-vce-do-apply=\"border margin background  el-891ba154\"><div class=\"vce-col-content\" data-vce-element-content=\"true\" data-vce-do-apply=\"padding el-891ba154\"><div class=\"vce-text-block\"><div class=\"vce-text-block-wrapper vce\" id=\"el-91c4540f\" data-vce-do-apply=\"all el-91c4540f\"><\/div><\/div><\/div><\/div><\/div><\/div><\/div><\/div><div class=\"vce-row-container\" data-vce-boxed-width=\"true\"><div class=\"vce-row vce-row--col-gap-30 vce-row-equal-height vce-row-content--top\" id=\"el-41a6a4a5\" data-vce-do-apply=\"all el-41a6a4a5\"><div class=\"vce-row-content\" data-vce-element-content=\"true\"><div class=\"vce-col vce-col--md-25p vce-col--xs-1 vce-col--xs-last vce-col--xs-first vce-col--sm-last vce-col--sm-first vce-col--md-first vce-col--lg-first vce-col--xl-first\" id=\"el-0c7a4897\"><div class=\"vce-col-inner\" data-vce-do-apply=\"border margin background  el-0c7a4897\"><div class=\"vce-col-content\" data-vce-element-content=\"true\" data-vce-do-apply=\"padding el-0c7a4897\"><div class=\"vce-single-image-container vce-single-image--align-left\"><div class=\"vce vce-single-image-wrapper\" id=\"el-d7228458\" data-vce-do-apply=\"all el-d7228458\"><figure><div class=\"vce-single-image-figure-inner\" style=\"width: 190px;\"><div class=\"vce-single-image-inner vce-single-image--absolute\" style=\"width: 100%; padding-bottom: 71.052632%;\"><img decoding=\"async\" loading=\"lazy\" class=\"vce-single-image\"  width=\"190\" height=\"135\" srcset=\"https:\/\/www.ballongruppe-bern.ch\/wp-content\/uploads\/2023\/02\/bkt1-190x135.jpg 190w\" src=\"https:\/\/www.ballongruppe-bern.ch\/wp-content\/uploads\/2023\/02\/bkt1-190x135.jpg\" data-img-src=\"https:\/\/www.ballongruppe-bern.ch\/wp-content\/uploads\/2014\/08\/bkt1.jpg\" data-attachment-id=\"242\"  alt=\"\" title=\"bkt1\" \/><\/div><\/div><figcaption hidden=\"\"><\/figcaption><\/figure><\/div><\/div><\/div><\/div><\/div><div class=\"vce-col vce-col--md-75p vce-col--xs-1 vce-col--xs-last vce-col--xs-first vce-col--sm-last vce-col--sm-first vce-col--md-last vce-col--lg-last vce-col--xl-last\" id=\"el-02a3381a\"><div class=\"vce-col-inner\" data-vce-do-apply=\"border margin background  el-02a3381a\"><div class=\"vce-col-content\" data-vce-element-content=\"true\" data-vce-do-apply=\"padding el-02a3381a\"><div class=\"vce-text-block\"><div class=\"vce-text-block-wrapper vce\" id=\"el-6d159b69\" data-vce-do-apply=\"all el-6d159b69\"><p><strong>Passagierfahrten<\/strong><br>Die h\u00e4ufigste Aktivit\u00e4t sind Ballonfahrten mit Passagieren. Unseren Piloten und Pilotinnen werden die Gruppenballone mit Anh\u00e4nger und Instrumenten zur Verf\u00fcgung gestellt. Daf\u00fcr gehen die Passagiertaxen an den Verein.<\/p><\/div><\/div><\/div><\/div><\/div><\/div><\/div><\/div><div class=\"vce-row-container\" data-vce-boxed-width=\"true\"><div class=\"vce-row vce-row--col-gap-30 vce-row-equal-height vce-row-content--top\" id=\"el-b37c0b26\" data-vce-do-apply=\"all el-b37c0b26\"><div class=\"vce-row-content\" data-vce-element-content=\"true\"><div class=\"vce-col vce-col--md-25p vce-col--xs-1 vce-col--xs-last vce-col--xs-first vce-col--sm-last vce-col--sm-first vce-col--md-first vce-col--lg-first vce-col--xl-first\" id=\"el-0e468283\"><div class=\"vce-col-inner\" data-vce-do-apply=\"border margin background  el-0e468283\"><div class=\"vce-col-content\" data-vce-element-content=\"true\" data-vce-do-apply=\"padding el-0e468283\"><div class=\"vce-single-image-container vce-single-image--align-left\"><div class=\"vce vce-single-image-wrapper\" id=\"el-27aeb04b\" data-vce-do-apply=\"all el-27aeb04b\"><figure><div class=\"vce-single-image-figure-inner\" style=\"width: 190px;\"><div class=\"vce-single-image-inner vce-single-image--absolute\" style=\"width: 100%; padding-bottom: 75.263158%;\"><img decoding=\"async\" loading=\"lazy\" class=\"vce-single-image\"  width=\"190\" height=\"143\" srcset=\"https:\/\/www.ballongruppe-bern.ch\/wp-content\/uploads\/2023\/02\/f2-190x143.jpg 190w\" src=\"https:\/\/www.ballongruppe-bern.ch\/wp-content\/uploads\/2023\/02\/f2-190x143.jpg\" data-img-src=\"https:\/\/www.ballongruppe-bern.ch\/wp-content\/uploads\/2014\/08\/f2.jpg\" data-attachment-id=\"246\"  alt=\"Ein Zielkreuz von oben. (WM \u201997 in Saga, Japan)\" title=\"f2\" \/><\/div><\/div><figcaption>Ein Zielkreuz von oben. (WM \u201997 in Saga, Japan)<\/figcaption><\/figure><\/div><\/div><\/div><\/div><\/div><div class=\"vce-col vce-col--md-75p vce-col--xs-1 vce-col--xs-last vce-col--xs-first vce-col--sm-last vce-col--sm-first vce-col--md-last vce-col--lg-last vce-col--xl-last\" id=\"el-7184b9d7\"><div class=\"vce-col-inner\" data-vce-do-apply=\"border margin background  el-7184b9d7\"><div class=\"vce-col-content\" data-vce-element-content=\"true\" data-vce-do-apply=\"padding el-7184b9d7\"><div class=\"vce-text-block\"><div class=\"vce-text-block-wrapper vce\" id=\"el-dac53c3a\" data-vce-do-apply=\"all el-dac53c3a\"><p><strong>Wettfahrten<\/strong><br>Die Mitglieder der Ballongruppe Bern beteiligen sich an lokalen und internationalen Ballonwettfahrten bis hin zu Weltmeisterschaften. Dabei geht es durchwegs um eine m\u00f6glichst pr\u00e4zise Fahrweise. Durch Ausnutzen der Windstr\u00f6mungen in verschiedenen H\u00f6hen muss eine bestimmte Fahrtrichtung oder ein bestimmtes Ziel m\u00f6glichst genau erreicht werden. Detaillierte Informationen finden Sie beim <a href=\"http:\/\/www.sbav.ch\" target=\"_blank\" rel=\"noopener\">Schweizerischen Ballonverband (SBAV)<\/a>.<\/p><\/div><\/div><\/div><\/div><\/div><\/div><\/div><\/div><div class=\"vce-row-container\" data-vce-boxed-width=\"true\"><div class=\"vce-row vce-row--col-gap-30 vce-row-equal-height vce-row-content--top\" id=\"el-ac25ac0b\" data-vce-do-apply=\"all el-ac25ac0b\"><div class=\"vce-row-content\" data-vce-element-content=\"true\"><div class=\"vce-col vce-col--md-25p vce-col--xs-1 vce-col--xs-last vce-col--xs-first vce-col--sm-last vce-col--sm-first vce-col--md-first vce-col--lg-first vce-col--xl-first\" id=\"el-91a44b49\"><div class=\"vce-col-inner\" data-vce-do-apply=\"border margin background  el-91a44b49\"><div class=\"vce-col-content\" data-vce-element-content=\"true\" data-vce-do-apply=\"padding el-91a44b49\"><div class=\"vce-single-image-container vce-single-image--align-left\"><div class=\"vce vce-single-image-wrapper\" id=\"el-87071aa5\" data-vce-do-apply=\"all el-87071aa5\"><figure><div class=\"vce-single-image-figure-inner\" style=\"width: 190px;\"><div class=\"vce-single-image-inner vce-single-image--absolute\" style=\"width: 100%; padding-bottom: 68.421053%;\"><img decoding=\"async\" loading=\"lazy\" class=\"vce-single-image\"  width=\"190\" height=\"130\" srcset=\"https:\/\/www.ballongruppe-bern.ch\/wp-content\/uploads\/2023\/02\/spf22-190x130.jpg 190w\" src=\"https:\/\/www.ballongruppe-bern.ch\/wp-content\/uploads\/2023\/02\/spf22-190x130.jpg\" data-img-src=\"https:\/\/www.ballongruppe-bern.ch\/wp-content\/uploads\/2015\/01\/spf22.jpg\" data-attachment-id=\"254\"  alt=\"\" title=\"spf22\" \/><\/div><\/div><figcaption hidden=\"\"><\/figcaption><\/figure><\/div><\/div><\/div><\/div><\/div><div class=\"vce-col vce-col--md-75p vce-col--xs-1 vce-col--xs-last vce-col--xs-first vce-col--sm-last vce-col--sm-first vce-col--md-last vce-col--lg-last vce-col--xl-last\" id=\"el-c4a05311\"><div class=\"vce-col-inner\" data-vce-do-apply=\"border margin background  el-c4a05311\"><div class=\"vce-col-content\" data-vce-element-content=\"true\" data-vce-do-apply=\"padding el-c4a05311\"><div class=\"vce-text-block\"><div class=\"vce-text-block-wrapper vce\" id=\"el-fe23afd4\" data-vce-do-apply=\"all el-fe23afd4\"><p><strong>Vereinsaktivit\u00e4ten<\/strong><br>- monatlicher Ballonstamm mit Erfahrungsaustausch<br>- j\u00e4hrliches Sicherheitsseminar<br>- j\u00e4hrliche Generalversammlung<br>- Pilotenfahrten<br>- Familienh\u00f6ck<br>- Chlausabend<br>- Jahresbeginn oder Jahresend-Anl\u00e4sse<\/p><\/div><\/div><\/div><\/div><\/div><\/div><\/div><\/div>\n","protected":false},"excerpt":{"rendered":"<p>PassagierfahrtenDie h\u00e4ufigste Aktivit\u00e4t sind Ballonfahrten mit Passagieren. Unseren Piloten und Pilotinnen werden die Gruppenballone mit Anh\u00e4nger und Instrumenten zur Verf\u00fcgung gestellt. Daf\u00fcr gehen die Passagiertaxen an den Verein.Ein Zielkreuz von oben. (WM \u201997 in Saga, Japan)WettfahrtenDie Mitglieder der Ballongruppe Bern beteiligen sich an lokalen und internationalen Ballonwettfahrten bis hin zu Weltmeisterschaften. Dabei geht es durchwegs [&hellip;]<\/p>\n","protected":false},"author":1,"featured_media":0,"parent":0,"menu_order":0,"comment_status":"closed","ping_status":"closed","template":"","meta":[],"_links":{"self":[{"href":"https:\/\/www.ballongruppe-bern.ch\/index.php?rest_route=\/wp\/v2\/pages\/18"}],"collection":[{"href":"https:\/\/www.ballongruppe-bern.ch\/index.php?rest_route=\/wp\/v2\/pages"}],"about":[{"href":"https:\/\/www.ballongruppe-bern.ch\/index.php?rest_route=\/wp\/v2\/types\/page"}],"author":[{"embeddable":true,"href":"https:\/\/www.ballongruppe-bern.ch\/index.php?rest_route=\/wp\/v2\/users\/1"}],"replies":[{"embeddable":true,"href":"https:\/\/www.ballongruppe-bern.ch\/index.php?rest_route=%2Fwp%2Fv2%2Fcomments&post=18"}],"version-history":[{"count":23,"href":"https:\/\/www.ballongruppe-bern.ch\/index.php?rest_route=\/wp\/v2\/pages\/18\/revisions"}],"predecessor-version":[{"id":340,"href":"https:\/\/www.ballongruppe-bern.ch\/index.php?rest_route=\/wp\/v2\/pages\/18\/revisions\/340"}],"wp:attachment":[{"href":"https:\/\/www.ballongruppe-bern.ch\/index.php?rest_route=%2Fwp%2Fv2%2Fmedia&parent=18"}],"curies":[{"name":"wp","href":"https:\/\/api.w.org\/{rel}","templated":true}]}}