{"id":14,"date":"2014-08-06T12:18:34","date_gmt":"2014-08-06T12:18:34","guid":{"rendered":"http:\/\/tempwww.ballongruppe-bern.ch\/?page_id=14"},"modified":"2015-01-31T16:24:40","modified_gmt":"2015-01-31T16:24:40","slug":"seite-b2","status":"publish","type":"page","link":"https:\/\/www.ballongruppe-bern.ch\/?page_id=14","title":{"rendered":"Voraussetzungen"},"content":{"rendered":"<p>Die Oberaufsicht \u00fcber das Ballonfahren hat das <a href=\"http:\/\/www.bazl.admin.ch\" target=\"_blank\">Bundesamt f\u00fcr Zivilluftfahrt (BAZL)<\/a>. Es hat die Ausbildung an registrierte Ballonfahrschulen delegiert, dazu geh\u00f6rt auch die Ballongruppe Bern. Das Mindestalter f\u00fcr die erste Solofahrt betr\u00e4gt 14 Jahre, f\u00fcr die\u00a0praktische Pr\u00fcfung\u00a016 Jahre. Ein guter Gesundheitszustand und\u00a0Leumund sind Voraussetzung (keine Vorstrafen).<\/p>\n<p>&nbsp;<\/p>\n","protected":false},"excerpt":{"rendered":"<p>Die Oberaufsicht \u00fcber das Ballonfahren hat das Bundesamt f\u00fcr Zivilluftfahrt (BAZL). Es hat die Ausbildung an registrierte Ballonfahrschulen delegiert, dazu geh\u00f6rt auch die Ballongruppe Bern. Das Mindestalter f\u00fcr die erste Solofahrt betr\u00e4gt 14 Jahre, f\u00fcr die\u00a0praktische Pr\u00fcfung\u00a016 Jahre. Ein guter Gesundheitszustand und\u00a0Leumund sind Voraussetzung (keine Vorstrafen). &nbsp;<\/p>\n","protected":false},"author":1,"featured_media":0,"parent":0,"menu_order":0,"comment_status":"closed","ping_status":"closed","template":"","meta":[],"_links":{"self":[{"href":"https:\/\/www.ballongruppe-bern.ch\/index.php?rest_route=\/wp\/v2\/pages\/14"}],"collection":[{"href":"https:\/\/www.ballongruppe-bern.ch\/index.php?rest_route=\/wp\/v2\/pages"}],"about":[{"href":"https:\/\/www.ballongruppe-bern.ch\/index.php?rest_route=\/wp\/v2\/types\/page"}],"author":[{"embeddable":true,"href":"https:\/\/www.ballongruppe-bern.ch\/index.php?rest_route=\/wp\/v2\/users\/1"}],"replies":[{"embeddable":true,"href":"https:\/\/www.ballongruppe-bern.ch\/index.php?rest_route=%2Fwp%2Fv2%2Fcomments&post=14"}],"version-history":[{"count":12,"href":"https:\/\/www.ballongruppe-bern.ch\/index.php?rest_route=\/wp\/v2\/pages\/14\/revisions"}],"predecessor-version":[{"id":266,"href":"https:\/\/www.ballongruppe-bern.ch\/index.php?rest_route=\/wp\/v2\/pages\/14\/revisions\/266"}],"wp:attachment":[{"href":"https:\/\/www.ballongruppe-bern.ch\/index.php?rest_route=%2Fwp%2Fv2%2Fmedia&parent=14"}],"curies":[{"name":"wp","href":"https:\/\/api.w.org\/{rel}","templated":true}]}}