{"id":103,"date":"2014-09-30T16:39:28","date_gmt":"2014-09-30T16:39:28","guid":{"rendered":"http:\/\/tempwww.ballongruppe-bern.ch\/?page_id=103"},"modified":"2023-02-27T14:57:03","modified_gmt":"2023-02-27T14:57:03","slug":"sicherheit","status":"publish","type":"page","link":"https:\/\/www.ballongruppe-bern.ch\/?page_id=103","title":{"rendered":"Sicherheit"},"content":{"rendered":"<div class=\"vce-row-container\" data-vce-boxed-width=\"true\"><div class=\"vce-row vce-row--col-gap-30 vce-row-equal-height vce-row-content--top\" id=\"el-2cb44e3a\" data-vce-do-apply=\"all el-2cb44e3a\"><div class=\"vce-row-content\" data-vce-element-content=\"true\"><div class=\"vce-col vce-col--md-auto vce-col--xs-1 vce-col--xs-last vce-col--xs-first vce-col--sm-last vce-col--sm-first vce-col--md-last vce-col--lg-last vce-col--xl-last vce-col--md-first vce-col--lg-first vce-col--xl-first\" id=\"el-c8b02801\"><div class=\"vce-col-inner\" data-vce-do-apply=\"border margin background  el-c8b02801\"><div class=\"vce-col-content\" data-vce-element-content=\"true\" data-vce-do-apply=\"padding el-c8b02801\"><div class=\"vce-text-block\"><div class=\"vce-text-block-wrapper vce\" id=\"el-6f675dbb\" data-vce-do-apply=\"all el-6f675dbb\"><p><strong>Sicherheit&nbsp;<\/strong><br>Der Ballon ist ein sehr sicheres Fahrzeug. Wie bei jedem anderen Verkehrsmittel wird aber die Zuverl\u00e4ssigkeit durch die menschliche Komponente und durch den Zustand des Fahrzeugs beeinflusst. Die Ballongruppe Bern schenkt beiden Punkten grosse Beachtung:<\/p><p>Jeweils an einem Samstag im Sp\u00e4therbst stehen ab 9 Uhr alle Ballon-Anh\u00e4nger der Ballongruppe Bern vor einer Schulanlage. Der Material-Verantwortliche hat die aktiven Piloten\/Pilotinnen zur Ballon-Kontrolle und Revision aufgeboten. Das Material zu den Heissluft- und Gas-Ballonen muss \u00fcberpr\u00fcft, gereinigt und wo n\u00f6tig repariert werden. Ein amtlicher Pr\u00fcfer nimmt dann jeden Ballon wieder als lufttauglich ab.<\/p><\/div><\/div><\/div><\/div><\/div><\/div><\/div><\/div><div class=\"vce-row-container\" data-vce-boxed-width=\"true\"><div class=\"vce-row vce-row--col-gap-30 vce-row-equal-height vce-row-content--top\" id=\"el-f2f15589\" data-vce-do-apply=\"all el-f2f15589\"><div class=\"vce-row-content\" data-vce-element-content=\"true\"><div class=\"vce-col vce-col--md-auto vce-col--xs-1 vce-col--xs-last vce-col--xs-first vce-col--sm-last vce-col--sm-first vce-col--md-first vce-col--lg-first vce-col--xl-first\" id=\"el-2c4389d9\"><div class=\"vce-col-inner\" data-vce-do-apply=\"border margin background  el-2c4389d9\"><div class=\"vce-col-content\" data-vce-element-content=\"true\" data-vce-do-apply=\"padding el-2c4389d9\"><div class=\"vce-single-image-container vce-single-image--align-left\"><div class=\"vce vce-single-image-wrapper\" id=\"el-0045f9f6\" data-vce-do-apply=\"all el-0045f9f6\"><figure><div class=\"vce-single-image-figure-inner\" style=\"width: 299px;\"><div class=\"vce-single-image-inner vce-single-image--absolute\" style=\"width: 100%; padding-bottom: 66.889632%;\"><img decoding=\"async\" loading=\"lazy\" class=\"vce-single-image\"  width=\"299\" height=\"200\" srcset=\"https:\/\/www.ballongruppe-bern.ch\/wp-content\/uploads\/2023\/02\/sicherheit4-299x200.jpg 299w\" src=\"https:\/\/www.ballongruppe-bern.ch\/wp-content\/uploads\/2023\/02\/sicherheit4-299x200.jpg\" data-img-src=\"https:\/\/www.ballongruppe-bern.ch\/wp-content\/uploads\/2015\/01\/sicherheit4.jpg\" data-attachment-id=\"274\"  alt=\"\" title=\"sicherheit4\" \/><\/div><\/div><figcaption hidden=\"\"><\/figcaption><\/figure><\/div><\/div><\/div><\/div><\/div><div class=\"vce-col vce-col--md-auto vce-col--xs-1 vce-col--xs-last vce-col--xs-first vce-col--sm-last vce-col--sm-first\" id=\"el-a33b915c\"><div class=\"vce-col-inner\" data-vce-do-apply=\"border margin background  el-a33b915c\"><div class=\"vce-col-content\" data-vce-element-content=\"true\" data-vce-do-apply=\"padding el-a33b915c\"><div class=\"vce-single-image-container vce-single-image--align-left\"><div class=\"vce vce-single-image-wrapper\" id=\"el-aaf96023\" data-vce-do-apply=\"all el-aaf96023\"><figure><div class=\"vce-single-image-figure-inner\" style=\"width: 200px;\"><div class=\"vce-single-image-inner vce-single-image--absolute\" style=\"width: 100%; padding-bottom: 100%;\"><img decoding=\"async\" loading=\"lazy\" class=\"vce-single-image\"  width=\"200\" height=\"200\" srcset=\"https:\/\/www.ballongruppe-bern.ch\/wp-content\/uploads\/2023\/02\/sicherheit5-200x200.jpg 200w\" src=\"https:\/\/www.ballongruppe-bern.ch\/wp-content\/uploads\/2023\/02\/sicherheit5-200x200.jpg\" data-img-src=\"https:\/\/www.ballongruppe-bern.ch\/wp-content\/uploads\/2015\/01\/sicherheit5.jpg\" data-attachment-id=\"275\"  alt=\"\" title=\"sicherheit5\" \/><\/div><\/div><figcaption hidden=\"\"><\/figcaption><\/figure><\/div><\/div><\/div><\/div><\/div><div class=\"vce-col vce-col--md-auto vce-col--xs-1 vce-col--xs-last vce-col--xs-first vce-col--sm-last vce-col--sm-first vce-col--md-last vce-col--lg-last vce-col--xl-last\" id=\"el-b817d5e9\"><div class=\"vce-col-inner\" data-vce-do-apply=\"border margin background  el-b817d5e9\"><div class=\"vce-col-content\" data-vce-element-content=\"true\" data-vce-do-apply=\"padding el-b817d5e9\"><div class=\"vce-single-image-container vce-single-image--align-left\"><div class=\"vce vce-single-image-wrapper\" id=\"el-40b63c3c\" data-vce-do-apply=\"all el-40b63c3c\"><figure><div class=\"vce-single-image-figure-inner\" style=\"width: 196px;\"><div class=\"vce-single-image-inner vce-single-image--absolute\" style=\"width: 100%; padding-bottom: 102.040816%;\"><img decoding=\"async\" loading=\"lazy\" class=\"vce-single-image\"  width=\"196\" height=\"200\" srcset=\"https:\/\/www.ballongruppe-bern.ch\/wp-content\/uploads\/2023\/02\/sicherheit3-196x200.jpg 196w\" src=\"https:\/\/www.ballongruppe-bern.ch\/wp-content\/uploads\/2023\/02\/sicherheit3-196x200.jpg\" data-img-src=\"https:\/\/www.ballongruppe-bern.ch\/wp-content\/uploads\/2015\/01\/sicherheit3.jpg\" data-attachment-id=\"273\"  alt=\"\" title=\"sicherheit3\" \/><\/div><\/div><figcaption hidden=\"\"><\/figcaption><\/figure><\/div><\/div><\/div><\/div><\/div><\/div><\/div><\/div><div class=\"vce-row-container\" data-vce-boxed-width=\"true\"><div class=\"vce-row vce-row--col-gap-30 vce-row-equal-height vce-row-content--top\" id=\"el-0c839162\" data-vce-do-apply=\"all el-0c839162\"><div class=\"vce-row-content\" data-vce-element-content=\"true\"><div class=\"vce-col vce-col--md-auto vce-col--xs-1 vce-col--xs-last vce-col--xs-first vce-col--sm-last vce-col--sm-first vce-col--md-last vce-col--lg-last vce-col--xl-last vce-col--md-first vce-col--lg-first vce-col--xl-first\" id=\"el-83987db2\"><div class=\"vce-col-inner\" data-vce-do-apply=\"border margin background  el-83987db2\"><div class=\"vce-col-content\" data-vce-element-content=\"true\" data-vce-do-apply=\"padding el-83987db2\"><div class=\"vce-text-block\"><div class=\"vce-text-block-wrapper vce\" id=\"el-18cbe1eb\" data-vce-do-apply=\"all el-18cbe1eb\"><p><strong>Auch die Sicherheit der Piloten ist beeinflussbar<\/strong><br>Unf\u00e4lle passieren nicht - Unf\u00e4lle werden verursacht. Um Unf\u00e4lle zu verhindern ist es notwendig, permanent am korrekten Verhalten zu arbeiten. Die Piloten und Pilotinnen&nbsp;der Ballongruppe Bern nehmen deshalb immer wieder an Weiterbildungskursen teil. Oftmals werden auch die Nachfahrer-Teams in diese Weiterbildung einbezogen. Der Schweizerische Ballonverband (SBAV) organisiert j\u00e4hrlich im Herbst ein Sicherheits-Seminar. Dazwischen veranstaltet aber auch die Ballongruppe Bern Kurse zu speziellen Themen. Letztlich kann man auch den Erfahrungsaustausch, den wir jeden Monat beim Ballon-Stamm pflegen, teilweise als einen Beitrag zur Weiterbildung einordnen. Die Ballongruppe Bern ist gl\u00fccklich dar\u00fcber, dass es in ihren Annalen seit der Gr\u00fcndung 1958&nbsp;\u00fcber keine nennenswerte Zwischenf\u00e4lle zu berichten gibt.<\/p><\/div><\/div><\/div><\/div><\/div><\/div><\/div><\/div>\n","protected":false},"excerpt":{"rendered":"<p>Sicherheit&nbsp;Der Ballon ist ein sehr sicheres Fahrzeug. Wie bei jedem anderen Verkehrsmittel wird aber die Zuverl\u00e4ssigkeit durch die menschliche Komponente und durch den Zustand des Fahrzeugs beeinflusst. Die Ballongruppe Bern schenkt beiden Punkten grosse Beachtung:Jeweils an einem Samstag im Sp\u00e4therbst stehen ab 9 Uhr alle Ballon-Anh\u00e4nger der Ballongruppe Bern vor einer Schulanlage. Der Material-Verantwortliche hat [&hellip;]<\/p>\n","protected":false},"author":1,"featured_media":0,"parent":0,"menu_order":0,"comment_status":"closed","ping_status":"closed","template":"","meta":[],"_links":{"self":[{"href":"https:\/\/www.ballongruppe-bern.ch\/index.php?rest_route=\/wp\/v2\/pages\/103"}],"collection":[{"href":"https:\/\/www.ballongruppe-bern.ch\/index.php?rest_route=\/wp\/v2\/pages"}],"about":[{"href":"https:\/\/www.ballongruppe-bern.ch\/index.php?rest_route=\/wp\/v2\/types\/page"}],"author":[{"embeddable":true,"href":"https:\/\/www.ballongruppe-bern.ch\/index.php?rest_route=\/wp\/v2\/users\/1"}],"replies":[{"embeddable":true,"href":"https:\/\/www.ballongruppe-bern.ch\/index.php?rest_route=%2Fwp%2Fv2%2Fcomments&post=103"}],"version-history":[{"count":22,"href":"https:\/\/www.ballongruppe-bern.ch\/index.php?rest_route=\/wp\/v2\/pages\/103\/revisions"}],"predecessor-version":[{"id":339,"href":"https:\/\/www.ballongruppe-bern.ch\/index.php?rest_route=\/wp\/v2\/pages\/103\/revisions\/339"}],"wp:attachment":[{"href":"https:\/\/www.ballongruppe-bern.ch\/index.php?rest_route=%2Fwp%2Fv2%2Fmedia&parent=103"}],"curies":[{"name":"wp","href":"https:\/\/api.w.org\/{rel}","templated":true}]}}