{"id":10,"date":"2014-08-06T12:17:58","date_gmt":"2014-08-06T12:17:58","guid":{"rendered":"http:\/\/tempwww.ballongruppe-bern.ch\/?page_id=10"},"modified":"2015-01-29T15:56:09","modified_gmt":"2015-01-29T15:56:09","slug":"seite-a2","status":"publish","type":"page","link":"https:\/\/www.ballongruppe-bern.ch\/?page_id=10","title":{"rendered":"Informationen zur Fahrt"},"content":{"rendered":"<p>Wir freuen uns, wenn wir Sie als Gast anl\u00e4sslich einer Ballonfahrt im Korb mitnehmen\u00a0d\u00fcrfen und erlauben uns, Sie \u00fcber die wichtigsten mit der Fahrt zusammenh\u00e4ngenden Fragen zu orientieren.<\/p>\n<p><strong>Durchf\u00fchrung und Wetter<\/strong><br \/>\nDie Fahrt wird nur bei gutem Wetter durchgef\u00fchrt. Dadurch k\u00f6nnen auch l\u00e4ngere\u00a0 Wartezeiten entstehen. Ihr Ballonpilot\/-pilotin wird Sie einige Tage vor einer m\u00f6glichen Fahrt telefonisch \u00fcber die Durchf\u00fchrung orientieren und einen Treffpunkt festlegen.<\/p>\n<p><strong>Bekleidung und pers\u00f6nliche Effekten<\/strong><br \/>\nLeichte Sportbekleidung, je nach Jahreszeit Pullover,\u00a0Sportjacke (f\u00fcr Gasballon keine Nylon-\/Kunstfasergewebe), Wanderschuhe, Handschuhe, Kopfbedeckung, Sonnenbrille, Sonnencr\u00e8me, Pass oder Identit\u00e4tskarte, evtl. Foto- oder Filmapparat. S\u00e4mtliche Gegenst\u00e4nde werden auf eigenes Risiko mitgef\u00fchrt.<\/p>\n<p><strong>Verpflegung<\/strong><br \/>\nJe nach erwarteter Fahrtdauer: Sandwiches oder \u00e4hnliches, Fr\u00fcchte, Tee resp. Getr\u00e4nke nach Wunsch.<\/p>\n<p><strong>Begleitung und R\u00fcckfahrt<\/strong><br \/>\nDie Fahrt zum Startplatz und die R\u00fcckfahrt nach der Landung ist Sache der Passagiere.\u00a0Der Ballonpilot\/die -pilotin\u00a0wird jedoch die Einzelheiten und allf\u00e4llige Mitfahrm\u00f6glichkeiten mit Ihnen besprechen.<\/p>\n<p><strong>Versicherung<\/strong><br \/>\nDie Ballongruppe Bern hat f\u00fcr ihre Passagiere die in der Luftfahrt \u00fcblichen Versicherungen abgeschlossen. Die Pr\u00e4mien sind im Fahrpreis inbegriffen.<\/p>\n<p><strong>Fahrgarantie, Fahrschein, Fahrpreis<\/strong><br \/>\nDie Ballongruppe Bern kann keine Garantie \u00fcber die Dauer der Fahrt geben.\u00a0Der Ballonpilot\/die -pilotin\u00a0ist verpflichtet, Ihnen vor der Fahrt einen Fahrschein gegen Bezahlung des\u00a0Fahrpreises bzw. Abgabe eines Gutscheines auszuh\u00e4ndigen. Bitte verlangen Sie diesen.<\/p>\n<p><strong>Die Fahrt<\/strong><br \/>\nVon den Korbinsassen wird erwartet, dass sie tatkr\u00e4ftig bei den F\u00fcll- und Verpackungsarbeiten mithelfen. Die Fahrt selbst soll f\u00fcr alle zu einem sch\u00f6nen Erlebnis werden. Mit guter\u00a0Laune und sportlichem Einsatz tragen Sie viel dazu bei. Ueber das Verhalten im Korb w\u00e4hrend der Fahrt werden Sie\u00a0vor dem Start orientiert. Rauchen in\u00a0der Umgebung des Ballons ist selbstverst\u00e4ndlich verboten.<br \/>\n<a href=\"http:\/\/www.ballongruppe-bern.ch\/?page_id=34\" title=\"Kontakt\"><br \/>\nF\u00fcr weitere Fragen stehen wir Ihnen gerne zur Verf\u00fcgung!<\/a><\/p>\n","protected":false},"excerpt":{"rendered":"<p>Wir freuen uns, wenn wir Sie als Gast anl\u00e4sslich einer Ballonfahrt im Korb mitnehmen\u00a0d\u00fcrfen und erlauben uns, Sie \u00fcber die wichtigsten mit der Fahrt zusammenh\u00e4ngenden Fragen zu orientieren. Durchf\u00fchrung und Wetter Die Fahrt wird nur bei gutem Wetter durchgef\u00fchrt. Dadurch k\u00f6nnen auch l\u00e4ngere\u00a0 Wartezeiten entstehen. Ihr Ballonpilot\/-pilotin wird Sie einige Tage vor einer m\u00f6glichen Fahrt [&hellip;]<\/p>\n","protected":false},"author":1,"featured_media":0,"parent":0,"menu_order":0,"comment_status":"closed","ping_status":"closed","template":"","meta":[],"_links":{"self":[{"href":"https:\/\/www.ballongruppe-bern.ch\/index.php?rest_route=\/wp\/v2\/pages\/10"}],"collection":[{"href":"https:\/\/www.ballongruppe-bern.ch\/index.php?rest_route=\/wp\/v2\/pages"}],"about":[{"href":"https:\/\/www.ballongruppe-bern.ch\/index.php?rest_route=\/wp\/v2\/types\/page"}],"author":[{"embeddable":true,"href":"https:\/\/www.ballongruppe-bern.ch\/index.php?rest_route=\/wp\/v2\/users\/1"}],"replies":[{"embeddable":true,"href":"https:\/\/www.ballongruppe-bern.ch\/index.php?rest_route=%2Fwp%2Fv2%2Fcomments&post=10"}],"version-history":[{"count":5,"href":"https:\/\/www.ballongruppe-bern.ch\/index.php?rest_route=\/wp\/v2\/pages\/10\/revisions"}],"predecessor-version":[{"id":267,"href":"https:\/\/www.ballongruppe-bern.ch\/index.php?rest_route=\/wp\/v2\/pages\/10\/revisions\/267"}],"wp:attachment":[{"href":"https:\/\/www.ballongruppe-bern.ch\/index.php?rest_route=%2Fwp%2Fv2%2Fmedia&parent=10"}],"curies":[{"name":"wp","href":"https:\/\/api.w.org\/{rel}","templated":true}]}}